{"id":8142,"date":"2025-07-06T22:35:43","date_gmt":"2025-07-06T22:35:43","guid":{"rendered":"https:\/\/dev.nilevalleyeurope.com\/?page_id=8142"},"modified":"2025-09-18T11:31:22","modified_gmt":"2025-09-18T11:31:22","slug":"infrastructure","status":"publish","type":"page","link":"https:\/\/nilevalleyeurope.com\/it\/infrastructure\/","title":{"rendered":"Infrastrutture"},"content":{"rendered":"<div data-elementor-type=\"wp-page\" data-elementor-id=\"8142\" class=\"elementor elementor-8142\" data-elementor-post-type=\"page\">\n\t\t\t\t        <section class=\"elementor-section elementor-top-section elementor-element elementor-element-add94d0 elementor-section-stretched elementor-section-boxed elementor-section-height-default elementor-section-height-default\" data-id=\"add94d0\" data-element_type=\"section\" data-settings=\"{&quot;stretch_section&quot;:&quot;section-stretched&quot;,&quot;background_background&quot;:&quot;classic&quot;}\">\n            \n                        <div class=\"elementor-container elementor-column-gap-extended\">\n                    <div class=\"elementor-column elementor-col-100 elementor-top-column elementor-element elementor-element-5a39d18\" data-id=\"5a39d18\" data-element_type=\"column\">\n        <div class=\"elementor-widget-wrap elementor-element-populated\">\n                    \n        \t\t<div class=\"elementor-element elementor-element-4794e96 elementor-widget elementor-widget-heading\" data-id=\"4794e96\" data-element_type=\"widget\" data-widget_type=\"heading.default\">\n\t\t\t\t\t<h1 class=\"elementor-heading-title elementor-size-default\">Infrastrutture<\/h1>\t\t\t\t<\/div>\n\t\t\t\t<div class=\"elementor-element elementor-element-eaca43e elementor-widget elementor-widget-text-editor\" data-id=\"eaca43e\" data-element_type=\"widget\" data-widget_type=\"text-editor.default\">\n\t\t\t\t\t\t\t\t\t<p>Le infrastrutture delle aziende garantiscono efficienza, innovazione e crescita sostenibile.<\/p>\t\t\t\t\t\t\t\t<\/div>\n\t\t\t\t<div class=\"elementor-element elementor-element-053b495 elementor-widget elementor-widget-pp-breadcrumbs\" data-id=\"053b495\" data-element_type=\"widget\" data-settings=\"{&quot;breadcrumbs_type&quot;:&quot;powerpack&quot;}\" data-widget_type=\"pp-breadcrumbs.default\">\n\t\t\t\t\t<ul class=\"pp-breadcrumbs pp-breadcrumbs-powerpack\">\t\t<li class=\"pp-breadcrumbs-item pp-breadcrumbs-item-home\">\n\t\t\t<a class=\"pp-breadcrumbs-crumb pp-breadcrumbs-crumb-link pp-breadcrumbs-crumb-home\" href=\"https:\/\/nilevalleyeurope.com\/it\" title=\"Pagina iniziale\">\n\t\t\t\t<span class=\"pp-breadcrumbs-text\">\n\t\t\t\t\t\t\t\t\t\t\t<span class=\"pp-icon\">\n\t\t\t\t\t\t\t<i aria-hidden=\"true\" class=\"fas fa-home\"><\/i>\t\t\t\t\t\t<\/span>\n\t\t\t\t\t\t\t\t\t\tPagina iniziale\t\t\t\t<\/span>\n\t\t\t<\/a>\n\t\t<\/li>\n\t\t<li class=\"pp-breadcrumbs-separator\">\t\t\t\t<span class='pp-separator-icon pp-icon'>\n\t\t\t\t\t<i aria-hidden=\"true\" class=\"fas fa-angle-right\"><\/i>\t\t\t\t<\/span>\n\t\t\t\t<\/li><\/ul>\t\t\t\t<\/div>\n\t\t            <\/div>\n        <\/div>\n                    <\/div>\n        <\/section>\n                <section class=\"elementor-section elementor-top-section elementor-element elementor-element-1861f83 elementor-section-stretched elementor-section-boxed elementor-section-height-default elementor-section-height-default\" data-id=\"1861f83\" data-element_type=\"section\" data-settings=\"{&quot;stretch_section&quot;:&quot;section-stretched&quot;,&quot;background_background&quot;:&quot;classic&quot;}\">\n            \n                        <div class=\"elementor-container elementor-column-gap-extended\">\n                    <div class=\"elementor-column elementor-col-50 elementor-top-column elementor-element elementor-element-9d1789f\" data-id=\"9d1789f\" data-element_type=\"column\">\n        <div class=\"elementor-widget-wrap elementor-element-populated\">\n                    \n        \t\t<div class=\"elementor-element elementor-element-75d3a28 elementor-widget elementor-widget-image\" data-id=\"75d3a28\" data-element_type=\"widget\" data-widget_type=\"image.default\">\n\t\t\t\t\t\t\t\t\t\t\t\t\t\t\t<img fetchpriority=\"high\" decoding=\"async\" width=\"368\" height=\"535\" src=\"https:\/\/nilevalleyeurope.com\/wp-content\/uploads\/2025\/07\/Component-12.png\" class=\"attachment-full size-full wp-image-8678\" alt=\"\" srcset=\"https:\/\/nilevalleyeurope.com\/wp-content\/uploads\/2025\/07\/Component-12.png 368w, https:\/\/nilevalleyeurope.com\/wp-content\/uploads\/2025\/07\/Component-12-206x300.png 206w\" sizes=\"(max-width: 368px) 100vw, 368px\" \/>\t\t\t\t\t\t\t\t\t\t\t\t\t\t\t<\/div>\n\t\t\t\t<div class=\"elementor-element elementor-element-a9c9b05 elementor-widget elementor-widget-image\" data-id=\"a9c9b05\" data-element_type=\"widget\" data-widget_type=\"image.default\">\n\t\t\t\t\t\t\t\t\t\t\t\t\t\t\t<img decoding=\"async\" width=\"406\" height=\"587\" src=\"https:\/\/nilevalleyeurope.com\/wp-content\/uploads\/2025\/07\/Component-27.png\" class=\"attachment-full size-full wp-image-8677\" alt=\"\" srcset=\"https:\/\/nilevalleyeurope.com\/wp-content\/uploads\/2025\/07\/Component-27.png 406w, https:\/\/nilevalleyeurope.com\/wp-content\/uploads\/2025\/07\/Component-27-207x300.png 207w\" sizes=\"(max-width: 406px) 100vw, 406px\" \/>\t\t\t\t\t\t\t\t\t\t\t\t\t\t\t<\/div>\n\t\t            <\/div>\n        <\/div>\n                <div class=\"elementor-column elementor-col-50 elementor-top-column elementor-element elementor-element-c56af83\" data-id=\"c56af83\" data-element_type=\"column\">\n        <div class=\"elementor-widget-wrap elementor-element-populated\">\n                    \n        \t\t<div class=\"elementor-element elementor-element-32e92f0 elementor-position-left elementor-view-default elementor-mobile-position-top elementor-widget elementor-widget-icon-box\" data-id=\"32e92f0\" data-element_type=\"widget\" data-widget_type=\"icon-box.default\">\n\t\t\t\t\t\t\t<div class=\"elementor-icon-box-wrapper\">\n\n\t\t\t\t\t\t<div class=\"elementor-icon-box-icon\">\n\t\t\t\t<span  class=\"elementor-icon\">\n\t\t\t\t<svg xmlns=\"http:\/\/www.w3.org\/2000\/svg\" width=\"25\" height=\"16\" viewbox=\"0 0 25 16\" fill=\"none\"><g id=\"title_icon.svg\" clip-path=\"url(#clip0_2_1457)\"><g id=\"title_icon.svg fill\" clip-path=\"url(#clip1_2_1457)\"><g id=\"Component 1\" clip-path=\"url(#clip2_2_1457)\"><path id=\"Vector\" d=\"M0.165039 0.899963C0.165039 0.899963 17.4106 1.05494 16.4354 13.8182C14.8879 12.0692 11.8034 8.90329 7.83916 6.47904C7.83916 6.47904 13.5311 11.8257 15.5132 15.7332L15.4709 15.7665C15.4814 15.7775 4.56386 18.3014 0.165039 0.899963Z\" fill=\"#017D03\"><\/path><path id=\"Vector_2\" d=\"M24.9151 7.24292C24.9151 7.24292 16.022 8.42733 17.2728 14.9474C17.9723 13.9511 19.3821 12.1135 21.2794 10.6081C21.2794 10.6081 18.6507 13.7297 17.8558 15.8772L17.8769 15.8883C17.8876 15.8883 23.6643 16.4971 24.9151 7.24292Z\" fill=\"#017D03\"><\/path><path id=\"Vector_3\" d=\"M19.9232 3.55627C19.9232 3.55627 15.2594 5.89196 17.0719 9.22391C17.284 8.53759 17.7292 7.27566 18.5135 6.09121C18.5135 6.09121 17.6125 8.30513 17.5595 9.62239H17.5807C17.5702 9.63349 20.8454 8.86969 19.9232 3.55627Z\" fill=\"#017D03\"><\/path><\/g><\/g><\/g><defs><clippath id=\"clip0_2_1457\"><rect width=\"24.75\" height=\"15\" fill=\"white\" transform=\"translate(0.165039 0.899963)\"><\/rect><\/clippath><clippath id=\"clip1_2_1457\"><rect width=\"24.75\" height=\"15\" fill=\"white\" transform=\"translate(0.165039 0.899963)\"><\/rect><\/clippath><clippath id=\"clip2_2_1457\"><rect width=\"24.75\" height=\"15\" fill=\"white\" transform=\"translate(0.165039 0.899963)\"><\/rect><\/clippath><\/defs><\/svg>\t\t\t\t<\/span>\n\t\t\t<\/div>\n\t\t\t\n\t\t\t\t\t\t<div class=\"elementor-icon-box-content\">\n\n\t\t\t\t\t\t\t\t\t<h3 class=\"elementor-icon-box-title\">\n\t\t\t\t\t\t<span  >\n\t\t\t\t\t\t\tInfrastrutture\t\t\t\t\t\t<\/span>\n\t\t\t\t\t<\/h3>\n\t\t\t\t\n\t\t\t\t\n\t\t\t<\/div>\n\t\t\t\n\t\t<\/div>\n\t\t\t\t\t\t<\/div>\n\t\t\t\t<div class=\"elementor-element elementor-element-8857d6f elementor-widget elementor-widget-ct_text_editor\" data-id=\"8857d6f\" data-element_type=\"widget\" data-widget_type=\"ct_text_editor.default\">\n\t\t\t\t<div class=\"elementor-widget-container\">\n\t\t\t\t\t<div id=\"ct_text_editor-8857d6f\" class=\"ct-text-editor\" data-wow-delay=\"ms\">\n\t<div class=\"ct-item--inner\">\n\t\t<div class=\"ct-inline-css\"  data-css=\"\t        \t\t\t\">\n\n\t    <\/div>\n\t\t<div class=\"ct-text-editor elementor-clearfix\">\n\t\t\t<p class=\"translation-block\">La nostra fabbrica e stazione di confezionamento si trova a Kafr El Dawar, El Buhaira, in una posizione strategica, a circa 50\nchilometri dal porto di Alessandria. Si affaccia sulle terre e fattorie pi\u00f9 fertili d\u2019Egitto, che producono le migliori colture di frutta\ne verdura del Paese. I nostri esperti conoscono a fondo la qualit\u00e0 dei prodotti e dispongono delle macchine pi\u00f9 moderne per\ngarantire la qualit\u00e0 richiesta dai nostri clienti. Abbiamo la conoscenza tecnica e la determinazione per rimanere all\u2019avanguardia\nin termini di qualit\u00e0, affidabilit\u00e0, innovazione e competitivit\u00e0<\/p><p class=\"translation-block\">Il nostro dipartimento di Lavorazione e Tecnologia \u00e8 composto da personale altamente qualificato che lavora costantemente\nallo sviluppo di nuove tecnologie per soddisfare le esigenze individuali dei clienti. I nostri prodotti sono realizzati secondo le\npi\u00f9 alte Buone Pratiche di Fabbricazione (GMP). I materiali e la manodopera sono di alta qualit\u00e0 e tutti i prodotti vengono\nlavorati in condizioni igieniche moderne, in conformit\u00e0 al sistema HACCP. I prodotti sono Non-OGM, non sono stati sottoposti a\ntrattamenti con ETO e non hanno subito alcun tipo di trattamento con radiazioni.<\/p>\t\t\n\t\t<\/div>\n\t<\/div>\n<\/div>\t\t\t\t<\/div>\n\t\t\t\t<\/div>\n\t\t            <\/div>\n        <\/div>\n                    <\/div>\n        <\/section>\n        \t\t<\/div>","protected":false},"excerpt":{"rendered":"<p>Infrastructure Infrastructure from firms ensures efficiency, innovation, and sustainable growth. Home Infrastructure Our factory and packing station is located in Kafr El Dawar El Buhaira in a great location, about 50 kilometers from the port of Alexandria. It overlooks the most fertile farms and lands in Egypt, which produce the best crops of vegetables and [&hellip;]<\/p>","protected":false},"author":1,"featured_media":0,"parent":0,"menu_order":0,"comment_status":"closed","ping_status":"closed","template":"","meta":{"footnotes":""},"class_list":["post-8142","page","type-page","status-publish","hentry"],"_links":{"self":[{"href":"https:\/\/nilevalleyeurope.com\/it\/wp-json\/wp\/v2\/pages\/8142","targetHints":{"allow":["GET"]}}],"collection":[{"href":"https:\/\/nilevalleyeurope.com\/it\/wp-json\/wp\/v2\/pages"}],"about":[{"href":"https:\/\/nilevalleyeurope.com\/it\/wp-json\/wp\/v2\/types\/page"}],"author":[{"embeddable":true,"href":"https:\/\/nilevalleyeurope.com\/it\/wp-json\/wp\/v2\/users\/1"}],"replies":[{"embeddable":true,"href":"https:\/\/nilevalleyeurope.com\/it\/wp-json\/wp\/v2\/comments?post=8142"}],"version-history":[{"count":28,"href":"https:\/\/nilevalleyeurope.com\/it\/wp-json\/wp\/v2\/pages\/8142\/revisions"}],"predecessor-version":[{"id":9028,"href":"https:\/\/nilevalleyeurope.com\/it\/wp-json\/wp\/v2\/pages\/8142\/revisions\/9028"}],"wp:attachment":[{"href":"https:\/\/nilevalleyeurope.com\/it\/wp-json\/wp\/v2\/media?parent=8142"}],"curies":[{"name":"wp","href":"https:\/\/api.w.org\/{rel}","templated":true}]}}